{"id":29164,"date":"2015-02-19T09:48:19","date_gmt":"2015-02-19T09:48:19","guid":{"rendered":"https:\/\/genova-living.com\/contactenos\/"},"modified":"2022-03-20T16:28:56","modified_gmt":"2022-03-20T16:28:56","slug":"contactenos","status":"publish","type":"page","link":"https:\/\/genova-living.com\/es\/contactenos\/","title":{"rendered":"Cont\u00e1cto"},"content":{"rendered":"<p style=\"text-align: center;\">Ya sea que est\u00e9 buscando una casa familiar, una casa de vacaciones o una propiedad de inversi\u00f3n, lo ayudaremos a encontrar la propiedad de sus sue\u00f1os en G\u00e9nova y sus alrededores.<\/p>\n<p style=\"text-align: center;\">Como agencia asociada de <strong>El Terreno Immo<\/strong> , somos expertos en bienes ra\u00edces entre El Terreno y G\u00e9nova. \u00a1No dude en contactarnos en cualquier momento!<\/p>\n","protected":false},"excerpt":{"rendered":"<p>Ya sea que est\u00e9 buscando una casa familiar, una casa de vacaciones o una propiedad de inversi\u00f3n, lo ayudaremos a encontrar la propiedad de sus sue\u00f1os en G\u00e9nova y sus alrededores. Como agencia asociada de El Terreno Immo , somos expertos en bienes ra\u00edces entre El Terreno y G\u00e9nova. \u00a1No dude en contactarnos en cualquier momento!<\/p>\n","protected":false},"author":1,"featured_media":0,"parent":0,"menu_order":0,"comment_status":"open","ping_status":"open","template":"contact_page.php","meta":{"inline_featured_image":false,"footnotes":""},"class_list":["post-29164","page","type-page","status-publish","hentry"],"aioseo_notices":[],"_links":{"self":[{"href":"https:\/\/genova-living.com\/es\/wp-json\/wp\/v2\/pages\/29164","targetHints":{"allow":["GET"]}}],"collection":[{"href":"https:\/\/genova-living.com\/es\/wp-json\/wp\/v2\/pages"}],"about":[{"href":"https:\/\/genova-living.com\/es\/wp-json\/wp\/v2\/types\/page"}],"author":[{"embeddable":true,"href":"https:\/\/genova-living.com\/es\/wp-json\/wp\/v2\/users\/1"}],"replies":[{"embeddable":true,"href":"https:\/\/genova-living.com\/es\/wp-json\/wp\/v2\/comments?post=29164"}],"version-history":[{"count":2,"href":"https:\/\/genova-living.com\/es\/wp-json\/wp\/v2\/pages\/29164\/revisions"}],"predecessor-version":[{"id":32834,"href":"https:\/\/genova-living.com\/es\/wp-json\/wp\/v2\/pages\/29164\/revisions\/32834"}],"wp:attachment":[{"href":"https:\/\/genova-living.com\/es\/wp-json\/wp\/v2\/media?parent=29164"}],"curies":[{"name":"wp","href":"https:\/\/api.w.org\/{rel}","templated":true}]}}