{"id":29159,"date":"2014-05-30T12:07:14","date_gmt":"2014-05-30T12:07:14","guid":{"rendered":"https:\/\/genova-living.com\/lista-de-agentes\/"},"modified":"2014-05-30T12:07:14","modified_gmt":"2014-05-30T12:07:14","slug":"lista-de-agentes","status":"publish","type":"page","link":"https:\/\/genova-living.com\/es\/lista-de-agentes\/","title":{"rendered":"Lista de agentes"},"content":{"rendered":"<p>Nos gusta pensar en nosotros mismos como una agencia de alquiler y gesti\u00f3n peque\u00f1a pero perfectamente formada. Trabajando obtiene la exposici\u00f3n, el conocimiento y la experiencia que esperar\u00eda de un gran agente, pero el servicio que solo recibir\u00e1 de una empresa m\u00e1s peque\u00f1a construida alrededor del 100% del cliente y el inquilino.<\/p>\n<p>Ya sea que est\u00e9 buscando una propiedad en venta en el \u00e1rea de Nueva York o una propiedad en alquiler, WP Residence facilita la b\u00fasqueda. Utilice nuestra exclusiva funci\u00f3n de mapeo de geolocalizaci\u00f3n para encontrar su villa, casa adosada o apartamento ideal y comun\u00edquese directamente con los propietarios. Te ayudaremos a encontrar la casa de tus sue\u00f1os en tan solo unos segundos.<\/p>\n","protected":false},"excerpt":{"rendered":"<p>Nos gusta pensar en nosotros mismos como una agencia de alquiler y gesti\u00f3n peque\u00f1a pero perfectamente formada. Trabajando obtiene la exposici\u00f3n, el conocimiento y la experiencia que esperar\u00eda de un gran agente, pero el servicio que solo recibir\u00e1 de una empresa m\u00e1s peque\u00f1a construida alrededor del 100% del cliente y el inquilino. Ya sea que est\u00e9 buscando una propiedad en venta en el \u00e1rea &#8230;<\/p>\n","protected":false},"author":1,"featured_media":0,"parent":0,"menu_order":0,"comment_status":"open","ping_status":"open","template":"agents_list.php","meta":{"inline_featured_image":false,"footnotes":""},"class_list":["post-29159","page","type-page","status-publish","hentry"],"aioseo_notices":[],"_links":{"self":[{"href":"https:\/\/genova-living.com\/es\/wp-json\/wp\/v2\/pages\/29159","targetHints":{"allow":["GET"]}}],"collection":[{"href":"https:\/\/genova-living.com\/es\/wp-json\/wp\/v2\/pages"}],"about":[{"href":"https:\/\/genova-living.com\/es\/wp-json\/wp\/v2\/types\/page"}],"author":[{"embeddable":true,"href":"https:\/\/genova-living.com\/es\/wp-json\/wp\/v2\/users\/1"}],"replies":[{"embeddable":true,"href":"https:\/\/genova-living.com\/es\/wp-json\/wp\/v2\/comments?post=29159"}],"version-history":[{"count":0,"href":"https:\/\/genova-living.com\/es\/wp-json\/wp\/v2\/pages\/29159\/revisions"}],"wp:attachment":[{"href":"https:\/\/genova-living.com\/es\/wp-json\/wp\/v2\/media?parent=29159"}],"curies":[{"name":"wp","href":"https:\/\/api.w.org\/{rel}","templated":true}]}}